{"id":19164,"date":"2025-09-12T16:54:08","date_gmt":"2025-09-12T16:54:08","guid":{"rendered":"https:\/\/cincin-restaurant.com\/?page_id=19164"},"modified":"2025-09-12T18:57:43","modified_gmt":"2025-09-12T18:57:43","slug":"order","status":"publish","type":"page","link":"https:\/\/cincin-restaurant.com\/zh\/order\/","title":{"rendered":"\u5728\u7ebf\u8ba2\u9910"},"content":{"rendered":"\t\t<div data-elementor-type=\"wp-page\" data-elementor-id=\"19164\" class=\"elementor elementor-19164\">\n\t\t\t\t\t\t<section class=\"elementor-section elementor-top-section elementor-element elementor-element-29a083f elementor-section-boxed elementor-section-height-default elementor-section-height-default sc_fly_static\" data-id=\"29a083f\" data-element_type=\"section\" data-e-type=\"section\">\n\t\t\t\t\t\t<div class=\"elementor-container elementor-column-gap-extended\">\n\t\t\t\t\t<div class=\"elementor-column elementor-col-100 elementor-top-column elementor-element elementor-element-61102c3 sc_content_align_inherit sc_layouts_column_icons_position_left sc_fly_static\" data-id=\"61102c3\" data-element_type=\"column\" data-e-type=\"column\">\n\t\t\t<div class=\"elementor-widget-wrap elementor-element-populated\">\n\t\t\t\t\t\t<div class=\"elementor-element elementor-element-3c9e81a sc_height_large sc_fly_static elementor-widget elementor-widget-spacer\" data-id=\"3c9e81a\" data-element_type=\"widget\" data-e-type=\"widget\" data-widget_type=\"spacer.default\">\n\t\t\t\t<div class=\"elementor-widget-container\">\n\t\t\t\t\t\t\t<div class=\"elementor-spacer\">\n\t\t\t<div class=\"elementor-spacer-inner\"><\/div>\n\t\t<\/div>\n\t\t\t\t\t\t<\/div>\n\t\t\t\t<\/div>\n\t\t\t\t<section class=\"elementor-section elementor-inner-section elementor-element elementor-element-3ce6507 elementor-section-boxed elementor-section-height-default elementor-section-height-default sc_fly_static\" data-id=\"3ce6507\" data-element_type=\"section\" data-e-type=\"section\">\n\t\t\t\t\t\t<div class=\"elementor-container elementor-column-gap-extended\">\n\t\t\t\t\t<div class=\"elementor-column elementor-col-100 elementor-inner-column elementor-element elementor-element-25e179f sc_content_align_inherit sc_layouts_column_icons_position_left sc_fly_static\" data-id=\"25e179f\" data-element_type=\"column\" data-e-type=\"column\" data-settings=\"{&quot;background_background&quot;:&quot;classic&quot;}\">\n\t\t\t<div class=\"elementor-widget-wrap elementor-element-populated\">\n\t\t\t\t\t\t<div class=\"elementor-element elementor-element-a55fc77 sc_height_large sc_fly_static elementor-widget elementor-widget-spacer\" data-id=\"a55fc77\" data-element_type=\"widget\" data-e-type=\"widget\" data-widget_type=\"spacer.default\">\n\t\t\t\t<div class=\"elementor-widget-container\">\n\t\t\t\t\t\t\t<div class=\"elementor-spacer\">\n\t\t\t<div class=\"elementor-spacer-inner\"><\/div>\n\t\t<\/div>\n\t\t\t\t\t\t<\/div>\n\t\t\t\t<\/div>\n\t\t\t\t<div class=\"elementor-element elementor-element-809d9da sc_fly_static elementor-widget elementor-widget-trx_sc_title\" data-id=\"809d9da\" data-element_type=\"widget\" data-e-type=\"widget\" data-widget_type=\"trx_sc_title.default\">\n\t\t\t\t<div class=\"elementor-widget-container\">\n\t\t\t\t\t<div\t\tclass=\"sc_title sc_title_default\" ><span class=\"sc_item_subtitle sc_title_subtitle sc_align_center sc_item_subtitle_above sc_item_title_style_default\">Reservation<\/span><h2 class=\"sc_item_title sc_title_title sc_align_center sc_item_title_style_default sc_item_title_tag\"\n\t\t\t><span class=\"sc_item_title_text\">Lassen Sie den ganzen Tag unvergesslich sein \u2013 buchen Sie Ihren Tisch jetzt!<\/span><\/h2><\/div>\t\t\t\t<\/div>\n\t\t\t\t<\/div>\n\t\t\t\t<div class=\"elementor-element elementor-element-21d4dcb sc_height_small sc_fly_static elementor-widget elementor-widget-spacer\" data-id=\"21d4dcb\" data-element_type=\"widget\" data-e-type=\"widget\" data-widget_type=\"spacer.default\">\n\t\t\t\t<div class=\"elementor-widget-container\">\n\t\t\t\t\t\t\t<div class=\"elementor-spacer\">\n\t\t\t<div class=\"elementor-spacer-inner\"><\/div>\n\t\t<\/div>\n\t\t\t\t\t\t<\/div>\n\t\t\t\t<\/div>\n\t\t\t\t<div class=\"elementor-element elementor-element-4ea5ed0 sc_layouts_hide_on_tablet sc_layouts_hide_on_mobile sc_fly_static elementor-widget elementor-widget-spacer\" data-id=\"4ea5ed0\" data-element_type=\"widget\" data-e-type=\"widget\" data-widget_type=\"spacer.default\">\n\t\t\t\t<div class=\"elementor-widget-container\">\n\t\t\t\t\t\t\t<div class=\"elementor-spacer\">\n\t\t\t<div class=\"elementor-spacer-inner\"><\/div>\n\t\t<\/div>\n\t\t\t\t\t\t<\/div>\n\t\t\t\t<\/div>\n\t\t\t\t\t<\/div>\n\t\t<\/div>\n\t\t\t\t\t<\/div>\n\t\t<\/section>\n\t\t\t\t<div class=\"elementor-element elementor-element-f9448cc reservation_custom_form sc_fly_static elementor-widget elementor-widget-html\" data-id=\"f9448cc\" data-element_type=\"widget\" data-e-type=\"widget\" data-widget_type=\"html.default\">\n\t\t\t\t<div class=\"elementor-widget-container\">\n\t\t\t\t\t<script type='text\/javascript' src='\/\/www.opentable.com\/widget\/reservation\/loader?rid=412810&type=standard&theme=wide&iframe=false&domain=com&lang=en-US&newtab=false&ot_source=Restaurant%20website'><\/script>\t\t\t\t<\/div>\n\t\t\t\t<\/div>\n\t\t\t\t<div class=\"elementor-element elementor-element-26c807c sc_height_huge sc_fly_static elementor-widget elementor-widget-spacer\" data-id=\"26c807c\" data-element_type=\"widget\" data-e-type=\"widget\" data-widget_type=\"spacer.default\">\n\t\t\t\t<div class=\"elementor-widget-container\">\n\t\t\t\t\t\t\t<div class=\"elementor-spacer\">\n\t\t\t<div class=\"elementor-spacer-inner\"><\/div>\n\t\t<\/div>\n\t\t\t\t\t\t<\/div>\n\t\t\t\t<\/div>\n\t\t\t\t\t<\/div>\n\t\t<\/div>\n\t\t\t\t\t<\/div>\n\t\t<\/section>\n\t\t\t\t<section class=\"elementor-section elementor-top-section elementor-element elementor-element-277466c scheme_default elementor-section-boxed elementor-section-height-default elementor-section-height-default sc_fly_static\" data-id=\"277466c\" data-element_type=\"section\" data-e-type=\"section\" data-settings=\"{&quot;background_background&quot;:&quot;classic&quot;}\">\n\t\t\t\t\t\t<div class=\"elementor-container elementor-column-gap-extended\">\n\t\t\t\t\t<div class=\"elementor-column elementor-col-100 elementor-top-column elementor-element elementor-element-2c1158e sc_content_align_inherit sc_layouts_column_icons_position_left sc_fly_static\" data-id=\"2c1158e\" data-element_type=\"column\" data-e-type=\"column\">\n\t\t\t<div class=\"elementor-widget-wrap elementor-element-populated\">\n\t\t\t\t\t\t<div class=\"elementor-element elementor-element-3432476 sc_height_huge sc_fly_static elementor-widget elementor-widget-spacer\" data-id=\"3432476\" data-element_type=\"widget\" data-e-type=\"widget\" data-widget_type=\"spacer.default\">\n\t\t\t\t<div class=\"elementor-widget-container\">\n\t\t\t\t\t\t\t<div class=\"elementor-spacer\">\n\t\t\t<div class=\"elementor-spacer-inner\"><\/div>\n\t\t<\/div>\n\t\t\t\t\t\t<\/div>\n\t\t\t\t<\/div>\n\t\t\t\t\t<\/div>\n\t\t<\/div>\n\t\t\t\t\t<\/div>\n\t\t<\/section>\n\t\t\t\t<section class=\"elementor-section elementor-top-section elementor-element elementor-element-5e185425 scheme_default elementor-section-boxed elementor-section-height-default elementor-section-height-default sc_fly_static\" data-id=\"5e185425\" data-element_type=\"section\" data-e-type=\"section\" data-settings=\"{&quot;background_background&quot;:&quot;classic&quot;}\">\n\t\t\t\t\t\t<div class=\"elementor-container elementor-column-gap-extended\">\n\t\t\t\t\t<div class=\"elementor-column elementor-col-50 elementor-top-column elementor-element elementor-element-72f2fbaa sc_content_align_inherit sc_layouts_column_icons_position_left sc_fly_static\" data-id=\"72f2fbaa\" data-element_type=\"column\" data-e-type=\"column\">\n\t\t\t<div class=\"elementor-widget-wrap elementor-element-populated\">\n\t\t\t\t\t\t<div class=\"elementor-element elementor-element-5d3eae sc_fly_static elementor-widget elementor-widget-trx_sc_title\" data-id=\"5d3eae\" data-element_type=\"widget\" data-e-type=\"widget\" data-widget_type=\"trx_sc_title.default\">\n\t\t\t\t<div class=\"elementor-widget-container\">\n\t\t\t\t\t<div\t\tclass=\"sc_title sc_title_default\" ><span class=\"sc_item_subtitle sc_title_subtitle sc_item_subtitle_above sc_item_title_style_default\">Kontakt mit uns...<\/span><h1 class=\"sc_item_title sc_title_title sc_item_title_style_default sc_item_title_tag\"\n\t\t\t><span class=\"sc_item_title_text\">Haben <span class=\"has-text-link-2-color\">Haben Sie Zeit?<\/span> <br>Besuchen Sie uns!<\/span><\/h1><\/div>\t\t\t\t<\/div>\n\t\t\t\t<\/div>\n\t\t\t\t<div class=\"elementor-element elementor-element-5f247d3 sc_height_small sc_fly_static elementor-widget elementor-widget-spacer\" data-id=\"5f247d3\" data-element_type=\"widget\" data-e-type=\"widget\" data-widget_type=\"spacer.default\">\n\t\t\t\t<div class=\"elementor-widget-container\">\n\t\t\t\t\t\t\t<div class=\"elementor-spacer\">\n\t\t\t<div class=\"elementor-spacer-inner\"><\/div>\n\t\t<\/div>\n\t\t\t\t\t\t<\/div>\n\t\t\t\t<\/div>\n\t\t\t\t<div class=\"elementor-element elementor-element-18c102e8 sc_layouts_hide_on_mobile sc_fly_static elementor-widget elementor-widget-spacer\" data-id=\"18c102e8\" data-element_type=\"widget\" data-e-type=\"widget\" data-widget_type=\"spacer.default\">\n\t\t\t\t<div class=\"elementor-widget-container\">\n\t\t\t\t\t\t\t<div class=\"elementor-spacer\">\n\t\t\t<div class=\"elementor-spacer-inner\"><\/div>\n\t\t<\/div>\n\t\t\t\t\t\t<\/div>\n\t\t\t\t<\/div>\n\t\t\t\t<div class=\"elementor-element elementor-element-22e77ba sc_fly_static elementor-widget elementor-widget-html\" data-id=\"22e77ba\" data-element_type=\"widget\" data-e-type=\"widget\" data-widget_type=\"html.default\">\n\t\t\t\t<div class=\"elementor-widget-container\">\n\t\t\t\t\t<!-- Bu sayfa a\u00e7\u0131l\u0131r a\u00e7\u0131lmaz S\u0130PAR\u0130\u015e widget'\u0131n\u0131 tetikler -->\r\n<span id=\"glf-order\" class=\"glf-button\"\r\n      data-glf-cuid=\"7314f702-7245-4328-9d06-6b30b753a31c\"\r\n      data-glf-ruid=\"44f19bac-e065-4185-a86d-168b71abc7ec\">See MENU & Order<\/span>\r\n\r\n<style>\r\n  #glf-order{display:none} \/* butonu gizli tutuyoruz *\/\r\n  \/* (\u0130ste\u011fe ba\u011fl\u0131) Ba\u015fl\u0131k\/yan paneli kald\u0131rmak i\u00e7in sayfa d\u00fczenini \"Elementor Canvas\" yapabilirsin *\/\r\n<\/style>\r\n\r\n<script>\r\ndocument.addEventListener('DOMContentLoaded', function(){\r\n  var btn = document.getElementById('glf-order');\r\n  if(!btn) return;\r\n  setTimeout(function(){ btn.click(); }, 200); \/\/ sayfa y\u00fcklenince otomatik a\u00e7\r\n});\r\n<\/script>\r\n\r\n\r\n<script>\r\ndocument.addEventListener('DOMContentLoaded', function(){\r\n  function paint(el){\r\n    if(!el) return;\r\n    el.style.setProperty('background-color', '#990009', 'important');\r\n    el.style.setProperty('background-image', 'none', 'important');\r\n    el.style.setProperty('border-color', '#990009', 'important');\r\n    el.style.setProperty('color', '#ffffff', 'important');\r\n  }\r\n  var sel = '.glf-button, [id^=\"glfButton\"].glf-button';\r\n  document.querySelectorAll(sel).forEach(paint);\r\n\r\n  \/\/ ewm2.js sonradan yeni buton eklerse yeniden boya\r\n  new MutationObserver(function(muts){\r\n    muts.forEach(function(m){\r\n      m.addedNodes && m.addedNodes.forEach(function(n){\r\n        if(n.nodeType===1 && n.matches && (n.matches('.glf-button') || (n.id||'').indexOf('glfButton')===0)){\r\n          paint(n);\r\n        }\r\n      });\r\n    });\r\n  }).observe(document.body, {childList:true, subtree:true});\r\n});\r\n<\/script>\r\n\t\t\t\t<\/div>\n\t\t\t\t<\/div>\n\t\t\t\t\t<\/div>\n\t\t<\/div>\n\t\t\t\t<div class=\"elementor-column elementor-col-50 elementor-top-column elementor-element elementor-element-4a00f707 sc_content_align_inherit sc_layouts_column_icons_position_left sc_fly_static\" data-id=\"4a00f707\" data-element_type=\"column\" data-e-type=\"column\" data-settings=\"{&quot;background_background&quot;:&quot;classic&quot;}\">\n\t\t\t<div class=\"elementor-widget-wrap elementor-element-populated\">\n\t\t\t\t\t\t<div class=\"elementor-element elementor-element-288232f7 sc_fly_static elementor-widget elementor-widget-spacer\" data-id=\"288232f7\" data-element_type=\"widget\" data-e-type=\"widget\" data-widget_type=\"spacer.default\">\n\t\t\t\t<div class=\"elementor-widget-container\">\n\t\t\t\t\t\t\t<div class=\"elementor-spacer\">\n\t\t\t<div class=\"elementor-spacer-inner\"><\/div>\n\t\t<\/div>\n\t\t\t\t\t\t<\/div>\n\t\t\t\t<\/div>\n\t\t\t\t<div class=\"elementor-element elementor-element-7d121ffc scheme_light sc_fly_static elementor-widget elementor-widget-trx_sc_contact_form_7\" data-id=\"7d121ffc\" data-element_type=\"widget\" data-e-type=\"widget\" data-widget_type=\"trx_sc_contact_form_7.default\">\n\t\t\t\t<div class=\"elementor-widget-container\">\n\t\t\t\t\t\n<div class=\"wpcf7 no-js\" id=\"wpcf7-f1334-o1\" lang=\"en-US\" dir=\"ltr\" data-wpcf7-id=\"1334\">\n<div class=\"screen-reader-response\"><p role=\"status\" aria-live=\"polite\" aria-atomic=\"true\"><\/p> <ul><\/ul><\/div>\n<form action=\"\/zh\/wp-json\/wp\/v2\/pages\/19164#wpcf7-f1334-o1\" method=\"post\" class=\"wpcf7-form init\" aria-label=\"Contact form\" novalidate=\"novalidate\" data-status=\"init\">\n<fieldset class=\"hidden-fields-container\"><input type=\"hidden\" name=\"_wpcf7\" value=\"1334\" \/><input type=\"hidden\" name=\"_wpcf7_version\" value=\"6.1.5\" \/><input type=\"hidden\" name=\"_wpcf7_locale\" value=\"en_US\" \/><input type=\"hidden\" name=\"_wpcf7_unit_tag\" value=\"wpcf7-f1334-o1\" \/><input type=\"hidden\" name=\"_wpcf7_container_post\" value=\"0\" \/><input type=\"hidden\" name=\"_wpcf7_posted_data_hash\" value=\"\" \/>\n<\/fieldset>\n<div class=\"form-style-5\">\n\t<div class=\"columns_wrap\">\n\t\t<div class=\"column-1_1\">\n\t\t\t<p><span class=\"style-line icon-name\"><span class=\"wpcf7-form-control-wrap\" data-name=\"your-name\"><input size=\"40\" maxlength=\"400\" class=\"wpcf7-form-control wpcf7-text wpcf7-validates-as-required\" aria-required=\"true\" aria-invalid=\"false\" placeholder=\"Name\" value=\"\" type=\"text\" name=\"your-name\" \/><\/span><\/span>\n\t\t\t<\/p>\n\t\t<\/div>\n\t\t<div class=\"column-1_1\">\n\t\t\t<p><span class=\"style-line icon-email\"><span class=\"wpcf7-form-control-wrap\" data-name=\"your-email\"><input size=\"40\" maxlength=\"400\" class=\"wpcf7-form-control wpcf7-email wpcf7-validates-as-required wpcf7-text wpcf7-validates-as-email\" aria-required=\"true\" aria-invalid=\"false\" placeholder=\"Email Address\" value=\"\" type=\"email\" name=\"your-email\" \/><\/span><\/span>\n\t\t\t<\/p>\n\t\t<\/div>\n\t\t<div class=\"column-1_1\">\n\t\t\t<p><span class=\"style-line icon-textarea\"><span class=\"wpcf7-form-control-wrap\" data-name=\"your-message\"><textarea cols=\"40\" rows=\"10\" maxlength=\"2000\" class=\"wpcf7-form-control wpcf7-textarea wpcf7-validates-as-required\" aria-required=\"true\" aria-invalid=\"false\" placeholder=\"How can we help you? Feel free to get in touch!\" name=\"your-message\"><\/textarea><\/span><\/span>\n\t\t\t<\/p>\n\t\t<\/div>\n\t<\/div>\n\t<p><span class=\"wpcf7-form-control-wrap\" data-name=\"acceptance\"><span class=\"wpcf7-form-control wpcf7-acceptance\"><span class=\"wpcf7-list-item\"><label><input type=\"checkbox\" name=\"acceptance\" value=\"1\" aria-invalid=\"false\" \/><span class=\"wpcf7-list-item-label\">Ich stimme zu, dass meine Daten erfasst und gespeichert werden. <a href=\"\/privacy-policy\/\">collected and stored<\/a>.<\/span><\/label><\/span><\/span><\/span><input class=\"wpcf7-form-control wpcf7-submit has-spinner\" type=\"submit\" value=\"Kontakt aufnehmen\" \/>\n\t<\/p>\n<\/div><div class=\"wpcf7-response-output\" aria-hidden=\"true\"><\/div>\n<\/form>\n<\/div>\n\t\t\t\t<\/div>\n\t\t\t\t<\/div>\n\t\t\t\t\t<\/div>\n\t\t<\/div>\n\t\t\t\t\t<\/div>\n\t\t<\/section>\n\t\t\t\t<section class=\"elementor-section elementor-top-section elementor-element elementor-element-83553c3 scheme_default elementor-section-boxed elementor-section-height-default elementor-section-height-default sc_fly_static\" data-id=\"83553c3\" data-element_type=\"section\" data-e-type=\"section\" data-settings=\"{&quot;background_background&quot;:&quot;classic&quot;}\">\n\t\t\t\t\t\t<div class=\"elementor-container elementor-column-gap-extended\">\n\t\t\t\t\t<div class=\"elementor-column elementor-col-100 elementor-top-column elementor-element elementor-element-75308fd sc_content_align_inherit sc_layouts_column_icons_position_left sc_fly_static\" data-id=\"75308fd\" data-element_type=\"column\" data-e-type=\"column\">\n\t\t\t<div class=\"elementor-widget-wrap elementor-element-populated\">\n\t\t\t\t\t\t<div class=\"elementor-element elementor-element-12aeb1e sc_height_huge sc_fly_static elementor-widget elementor-widget-spacer\" data-id=\"12aeb1e\" data-element_type=\"widget\" data-e-type=\"widget\" data-widget_type=\"spacer.default\">\n\t\t\t\t<div class=\"elementor-widget-container\">\n\t\t\t\t\t\t\t<div class=\"elementor-spacer\">\n\t\t\t<div class=\"elementor-spacer-inner\"><\/div>\n\t\t<\/div>\n\t\t\t\t\t\t<\/div>\n\t\t\t\t<\/div>\n\t\t\t\t\t<\/div>\n\t\t<\/div>\n\t\t\t\t\t<\/div>\n\t\t<\/section>\n\t\t\t\t<\/div>\n\t\t","protected":false},"excerpt":{"rendered":"<p>Reservation Lassen Sie den ganzen Tag unvergesslich sein \u2013 buchen Sie Ihren Tisch jetzt! Kontakt mit uns&#8230; Haben Haben Sie Zeit? Besuchen Sie uns! See MENU &#038; Order I agree&hellip;<\/p>","protected":false},"author":2,"featured_media":0,"parent":0,"menu_order":0,"comment_status":"closed","ping_status":"closed","template":"","meta":{"_monsterinsights_skip_tracking":false,"_monsterinsights_sitenote_active":false,"_monsterinsights_sitenote_note":"","_monsterinsights_sitenote_category":0,"footnotes":""},"class_list":["post-19164","page","type-page","status-publish","hentry"],"aioseo_notices":[],"yoast_head":"<!-- This site is optimized with the Yoast SEO plugin v27.4 - https:\/\/yoast.com\/product\/yoast-seo-wordpress\/ -->\n<title>Online Bestellung - CinCin Restaurant<\/title>\n<meta name=\"robots\" content=\"index, follow, max-snippet:-1, max-image-preview:large, max-video-preview:-1\" \/>\n<link rel=\"canonical\" href=\"https:\/\/cincin-restaurant.com\/zh\/order\/\" \/>\n<meta property=\"og:locale\" content=\"zh_CN\" \/>\n<meta property=\"og:type\" content=\"article\" \/>\n<meta property=\"og:title\" content=\"Online Bestellung - CinCin Restaurant\" \/>\n<meta property=\"og:description\" content=\"Reservation Lassen Sie den ganzen Tag unvergesslich sein \u2013 buchen Sie Ihren Tisch jetzt! Kontakt mit uns&#8230; Haben Haben Sie Zeit? Besuchen Sie uns! See MENU &#038; Order I agree&hellip;\" \/>\n<meta property=\"og:url\" content=\"https:\/\/cincin-restaurant.com\/zh\/order\/\" \/>\n<meta property=\"og:site_name\" content=\"CinCin Restaurant\" \/>\n<meta property=\"article:modified_time\" content=\"2025-09-12T18:57:43+00:00\" \/>\n<meta name=\"twitter:card\" content=\"summary_large_image\" \/>\n<script type=\"application\/ld+json\" class=\"yoast-schema-graph\">{\"@context\":\"https:\\\/\\\/schema.org\",\"@graph\":[{\"@type\":\"WebPage\",\"@id\":\"https:\\\/\\\/cincin-restaurant.com\\\/order\\\/\",\"url\":\"https:\\\/\\\/cincin-restaurant.com\\\/order\\\/\",\"name\":\"Online Bestellung - CinCin Restaurant\",\"isPartOf\":{\"@id\":\"https:\\\/\\\/cincin-restaurant.com\\\/#website\"},\"datePublished\":\"2025-09-12T16:54:08+00:00\",\"dateModified\":\"2025-09-12T18:57:43+00:00\",\"breadcrumb\":{\"@id\":\"https:\\\/\\\/cincin-restaurant.com\\\/order\\\/#breadcrumb\"},\"inLanguage\":\"zh-Hans\",\"potentialAction\":[{\"@type\":\"ReadAction\",\"target\":[\"https:\\\/\\\/cincin-restaurant.com\\\/order\\\/\"]}]},{\"@type\":\"BreadcrumbList\",\"@id\":\"https:\\\/\\\/cincin-restaurant.com\\\/order\\\/#breadcrumb\",\"itemListElement\":[{\"@type\":\"ListItem\",\"position\":1,\"name\":\"Anasayfa\",\"item\":\"https:\\\/\\\/cincin-restaurant.com\\\/\"},{\"@type\":\"ListItem\",\"position\":2,\"name\":\"Online Bestellung\"}]},{\"@type\":\"WebSite\",\"@id\":\"https:\\\/\\\/cincin-restaurant.com\\\/#website\",\"url\":\"https:\\\/\\\/cincin-restaurant.com\\\/\",\"name\":\"CinCin Restaurant\",\"description\":\"Ein toast auf Liebe und Fern&ouml;stliche Seele!\",\"publisher\":{\"@id\":\"https:\\\/\\\/cincin-restaurant.com\\\/#organization\"},\"potentialAction\":[{\"@type\":\"SearchAction\",\"target\":{\"@type\":\"EntryPoint\",\"urlTemplate\":\"https:\\\/\\\/cincin-restaurant.com\\\/?s={search_term_string}\"},\"query-input\":{\"@type\":\"PropertyValueSpecification\",\"valueRequired\":true,\"valueName\":\"search_term_string\"}}],\"inLanguage\":\"zh-Hans\"},{\"@type\":\"Organization\",\"@id\":\"https:\\\/\\\/cincin-restaurant.com\\\/#organization\",\"name\":\"CinCin Restaurant\",\"url\":\"https:\\\/\\\/cincin-restaurant.com\\\/\",\"logo\":{\"@type\":\"ImageObject\",\"inLanguage\":\"zh-Hans\",\"@id\":\"https:\\\/\\\/cincin-restaurant.com\\\/#\\\/schema\\\/logo\\\/image\\\/\",\"url\":\"https:\\\/\\\/cincin-restaurant.com\\\/wp-content\\\/uploads\\\/2021\\\/02\\\/cincin-logo3.png\",\"contentUrl\":\"https:\\\/\\\/cincin-restaurant.com\\\/wp-content\\\/uploads\\\/2021\\\/02\\\/cincin-logo3.png\",\"width\":400,\"height\":544,\"caption\":\"CinCin Restaurant\"},\"image\":{\"@id\":\"https:\\\/\\\/cincin-restaurant.com\\\/#\\\/schema\\\/logo\\\/image\\\/\"}}]}<\/script>\n<!-- \/ Yoast SEO plugin. -->","yoast_head_json":{"title":"Online Bestellung - CinCin Restaurant","robots":{"index":"index","follow":"follow","max-snippet":"max-snippet:-1","max-image-preview":"max-image-preview:large","max-video-preview":"max-video-preview:-1"},"canonical":"https:\/\/cincin-restaurant.com\/zh\/order\/","og_locale":"zh_CN","og_type":"article","og_title":"Online Bestellung - CinCin Restaurant","og_description":"Reservation Lassen Sie den ganzen Tag unvergesslich sein \u2013 buchen Sie Ihren Tisch jetzt! Kontakt mit uns&#8230; Haben Haben Sie Zeit? Besuchen Sie uns! See MENU &#038; Order I agree&hellip;","og_url":"https:\/\/cincin-restaurant.com\/zh\/order\/","og_site_name":"CinCin Restaurant","article_modified_time":"2025-09-12T18:57:43+00:00","twitter_card":"summary_large_image","schema":{"@context":"https:\/\/schema.org","@graph":[{"@type":"WebPage","@id":"https:\/\/cincin-restaurant.com\/order\/","url":"https:\/\/cincin-restaurant.com\/order\/","name":"Online Bestellung - CinCin Restaurant","isPartOf":{"@id":"https:\/\/cincin-restaurant.com\/#website"},"datePublished":"2025-09-12T16:54:08+00:00","dateModified":"2025-09-12T18:57:43+00:00","breadcrumb":{"@id":"https:\/\/cincin-restaurant.com\/order\/#breadcrumb"},"inLanguage":"zh-Hans","potentialAction":[{"@type":"ReadAction","target":["https:\/\/cincin-restaurant.com\/order\/"]}]},{"@type":"BreadcrumbList","@id":"https:\/\/cincin-restaurant.com\/order\/#breadcrumb","itemListElement":[{"@type":"ListItem","position":1,"name":"Anasayfa","item":"https:\/\/cincin-restaurant.com\/"},{"@type":"ListItem","position":2,"name":"Online Bestellung"}]},{"@type":"WebSite","@id":"https:\/\/cincin-restaurant.com\/#website","url":"https:\/\/cincin-restaurant.com\/","name":"CinCin Restaurant","description":"Ein toast auf Liebe und Fern&ouml;stliche Seele!","publisher":{"@id":"https:\/\/cincin-restaurant.com\/#organization"},"potentialAction":[{"@type":"SearchAction","target":{"@type":"EntryPoint","urlTemplate":"https:\/\/cincin-restaurant.com\/?s={search_term_string}"},"query-input":{"@type":"PropertyValueSpecification","valueRequired":true,"valueName":"search_term_string"}}],"inLanguage":"zh-Hans"},{"@type":"Organization","@id":"https:\/\/cincin-restaurant.com\/#organization","name":"CinCin Restaurant","url":"https:\/\/cincin-restaurant.com\/","logo":{"@type":"ImageObject","inLanguage":"zh-Hans","@id":"https:\/\/cincin-restaurant.com\/#\/schema\/logo\/image\/","url":"https:\/\/cincin-restaurant.com\/wp-content\/uploads\/2021\/02\/cincin-logo3.png","contentUrl":"https:\/\/cincin-restaurant.com\/wp-content\/uploads\/2021\/02\/cincin-logo3.png","width":400,"height":544,"caption":"CinCin Restaurant"},"image":{"@id":"https:\/\/cincin-restaurant.com\/#\/schema\/logo\/image\/"}}]}},"_links":{"self":[{"href":"https:\/\/cincin-restaurant.com\/zh\/wp-json\/wp\/v2\/pages\/19164","targetHints":{"allow":["GET"]}}],"collection":[{"href":"https:\/\/cincin-restaurant.com\/zh\/wp-json\/wp\/v2\/pages"}],"about":[{"href":"https:\/\/cincin-restaurant.com\/zh\/wp-json\/wp\/v2\/types\/page"}],"author":[{"embeddable":true,"href":"https:\/\/cincin-restaurant.com\/zh\/wp-json\/wp\/v2\/users\/2"}],"replies":[{"embeddable":true,"href":"https:\/\/cincin-restaurant.com\/zh\/wp-json\/wp\/v2\/comments?post=19164"}],"version-history":[{"count":40,"href":"https:\/\/cincin-restaurant.com\/zh\/wp-json\/wp\/v2\/pages\/19164\/revisions"}],"predecessor-version":[{"id":19220,"href":"https:\/\/cincin-restaurant.com\/zh\/wp-json\/wp\/v2\/pages\/19164\/revisions\/19220"}],"wp:attachment":[{"href":"https:\/\/cincin-restaurant.com\/zh\/wp-json\/wp\/v2\/media?parent=19164"}],"curies":[{"name":"wp","href":"https:\/\/api.w.org\/{rel}","templated":true}]}}