{"id":17148,"date":"2021-02-10T13:27:34","date_gmt":"2021-02-10T13:27:34","guid":{"rendered":"https:\/\/cincin-restaurant.com\/?page_id=17148"},"modified":"2025-09-18T13:26:59","modified_gmt":"2025-09-18T13:26:59","slug":"reservation","status":"publish","type":"page","link":"https:\/\/cincin-restaurant.com\/zh\/reservation\/","title":{"rendered":"\u9884\u8ba2"},"content":{"rendered":"<div data-elementor-type=\"wp-page\" data-elementor-id=\"17148\" class=\"elementor elementor-17148\">\n\t\t\t\t\t\t<section class=\"elementor-section elementor-top-section elementor-element elementor-element-29a083f elementor-section-boxed elementor-section-height-default elementor-section-height-default sc_fly_static\" data-id=\"29a083f\" data-element_type=\"section\" data-e-type=\"section\">\n\t\t\t\t\t\t<div class=\"elementor-container elementor-column-gap-extended\">\n\t\t\t\t\t<div class=\"elementor-column elementor-col-100 elementor-top-column elementor-element elementor-element-61102c3 sc_content_align_inherit sc_layouts_column_icons_position_left sc_fly_static\" data-id=\"61102c3\" data-element_type=\"column\" data-e-type=\"column\">\n\t\t\t<div class=\"elementor-widget-wrap elementor-element-populated\">\n\t\t\t\t\t\t<div class=\"elementor-element elementor-element-3c9e81a sc_height_large sc_fly_static elementor-widget elementor-widget-spacer\" data-id=\"3c9e81a\" data-element_type=\"widget\" data-e-type=\"widget\" data-widget_type=\"spacer.default\">\n\t\t\t\t<div class=\"elementor-widget-container\">\n\t\t\t\t\t\t\t<div class=\"elementor-spacer\">\n\t\t\t<div class=\"elementor-spacer-inner\"><\/div>\n\t\t<\/div>\n\t\t\t\t\t\t<\/div>\n\t\t\t\t<\/div>\n\t\t\t\t<section class=\"elementor-section elementor-inner-section elementor-element elementor-element-3ce6507 elementor-section-boxed elementor-section-height-default elementor-section-height-default sc_fly_static\" data-id=\"3ce6507\" data-element_type=\"section\" data-e-type=\"section\">\n\t\t\t\t\t\t<div class=\"elementor-container elementor-column-gap-extended\">\n\t\t\t\t\t<div class=\"elementor-column elementor-col-100 elementor-inner-column elementor-element elementor-element-25e179f sc_content_align_inherit sc_layouts_column_icons_position_left sc_fly_static\" data-id=\"25e179f\" data-element_type=\"column\" data-e-type=\"column\" data-settings=\"{&quot;background_background&quot;:&quot;classic&quot;}\">\n\t\t\t<div class=\"elementor-widget-wrap elementor-element-populated\">\n\t\t\t\t\t\t<div class=\"elementor-element elementor-element-a55fc77 sc_height_large sc_fly_static elementor-widget elementor-widget-spacer\" data-id=\"a55fc77\" data-element_type=\"widget\" data-e-type=\"widget\" data-widget_type=\"spacer.default\">\n\t\t\t\t<div class=\"elementor-widget-container\">\n\t\t\t\t\t\t\t<div class=\"elementor-spacer\">\n\t\t\t<div class=\"elementor-spacer-inner\"><\/div>\n\t\t<\/div>\n\t\t\t\t\t\t<\/div>\n\t\t\t\t<\/div>\n\t\t\t\t<div class=\"elementor-element elementor-element-809d9da sc_fly_static elementor-widget elementor-widget-trx_sc_title\" data-id=\"809d9da\" data-element_type=\"widget\" data-e-type=\"widget\" data-widget_type=\"trx_sc_title.default\">\n\t\t\t\t<div class=\"elementor-widget-container\">\n\t\t\t\t\t<div\t\tclass=\"sc_title sc_title_default\" ><span class=\"sc_item_subtitle sc_title_subtitle sc_align_center sc_item_subtitle_above sc_item_title_style_default\">\u9884\u8ba2<\/span><h2 class=\"sc_item_title sc_title_title sc_align_center sc_item_title_style_default sc_item_title_tag\"\n\t\t\t><span class=\"sc_item_title_text\">\u8ba9\u6574\u5929\u90fd\u96be\u5fd8\u2014\u2014\u7acb\u5373\u9884\u8ba2\u60a8\u7684\u9910\u4f4d\uff01<\/span><\/h2><\/div>\t\t\t\t<\/div>\n\t\t\t\t<\/div>\n\t\t\t\t<div class=\"elementor-element elementor-element-21d4dcb sc_height_small sc_fly_static elementor-widget elementor-widget-spacer\" data-id=\"21d4dcb\" data-element_type=\"widget\" data-e-type=\"widget\" data-widget_type=\"spacer.default\">\n\t\t\t\t<div class=\"elementor-widget-container\">\n\t\t\t\t\t\t\t<div class=\"elementor-spacer\">\n\t\t\t<div class=\"elementor-spacer-inner\"><\/div>\n\t\t<\/div>\n\t\t\t\t\t\t<\/div>\n\t\t\t\t<\/div>\n\t\t\t\t<div class=\"elementor-element elementor-element-4ea5ed0 sc_layouts_hide_on_tablet sc_layouts_hide_on_mobile sc_fly_static elementor-widget elementor-widget-spacer\" data-id=\"4ea5ed0\" data-element_type=\"widget\" data-e-type=\"widget\" data-widget_type=\"spacer.default\">\n\t\t\t\t<div class=\"elementor-widget-container\">\n\t\t\t\t\t\t\t<div class=\"elementor-spacer\">\n\t\t\t<div class=\"elementor-spacer-inner\"><\/div>\n\t\t<\/div>\n\t\t\t\t\t\t<\/div>\n\t\t\t\t<\/div>\n\t\t\t\t\t<\/div>\n\t\t<\/div>\n\t\t\t\t\t<\/div>\n\t\t<\/section>\n\t\t\t\t<div class=\"elementor-element elementor-element-f9448cc reservation_custom_form sc_fly_static elementor-widget elementor-widget-html\" data-id=\"f9448cc\" data-element_type=\"widget\" data-e-type=\"widget\" data-widget_type=\"html.default\">\n\t\t\t\t<div class=\"elementor-widget-container\">\n\t\t\t\t\t<script type='text\/javascript' src='\/\/www.opentable.com\/widget\/reservation\/loader?rid=412810&type=standard&theme=wide&iframe=false&domain=com&lang=en-US&newtab=false&ot_source=Restaurant%20website'><\/script>\t\t\t\t<\/div>\n\t\t\t\t<\/div>\n\t\t\t\t<div class=\"elementor-element elementor-element-26c807c sc_height_huge sc_fly_static elementor-widget elementor-widget-spacer\" data-id=\"26c807c\" data-element_type=\"widget\" data-e-type=\"widget\" data-widget_type=\"spacer.default\">\n\t\t\t\t<div class=\"elementor-widget-container\">\n\t\t\t\t\t\t\t<div class=\"elementor-spacer\">\n\t\t\t<div class=\"elementor-spacer-inner\"><\/div>\n\t\t<\/div>\n\t\t\t\t\t\t<\/div>\n\t\t\t\t<\/div>\n\t\t\t\t<div data-animation-type=\"block\" class=\"elementor-element elementor-element-637ad4f animation_type_block sc_gradient_animation_none sc_fly_static elementor-invisible elementor-widget elementor-widget-trx_sc_button\" data-id=\"637ad4f\" data-element_type=\"widget\" data-e-type=\"widget\" data-settings=\"{&quot;_animation&quot;:&quot;fadeIn&quot;,&quot;_animation_delay&quot;:200}\" data-widget_type=\"trx_sc_button.default\">\n\t\t\t\t<div class=\"elementor-widget-container\">\n\t\t\t\t\t<div\tclass=\"sc_item_button sc_button_wrap sc_align_center\" ><a href=\"\/zh\/order\/\" class=\"sc_button sc_button_default sc_button_size_normal sc_button_icon_left\" ><span class=\"sc_button_text\"><span class=\"sc_button_title\">\u5728\u7ebf\u8ba2\u9910<\/span><\/span><\/a><\/div>\t\t\t\t<\/div>\n\t\t\t\t<\/div>\n\t\t\t\t<div class=\"elementor-element elementor-element-c8d1b91 sc_fly_static elementor-widget elementor-widget-html\" data-id=\"c8d1b91\" data-element_type=\"widget\" data-e-type=\"widget\" data-widget_type=\"html.default\">\n\t\t\t\t<div class=\"elementor-widget-container\">\n\t\t\t\t\t<center>\r\n  <!-- Sipari\u015f butonu -->\r\n  <span id=\"glf-order\"\r\n        class=\"glf-button\"\r\n        data-glf-cuid=\"7314f702-7245-4328-9d06-6b30b753a31c\"\r\n        data-glf-ruid=\"44f19bac-e065-4185-a86d-168b71abc7ec\">\r\n    \u67e5\u770b\u83dc\u5355\u5e76\u4e0b\u5355\r\n  <\/span>\r\n\r\n  <style>\r\n    \/* Sipari\u015f butonunu gizli tutuyoruz, sayfa a\u00e7\u0131l\u0131nca otomatik a\u00e7\u0131lacak *\/\r\n    #glf-order {\r\n      display: none;\r\n    }\r\n  <\/style>\r\n\r\n  <script>\r\n  document.addEventListener('DOMContentLoaded', function () {\r\n    var btn = document.getElementById('glf-order');\r\n    if (!btn) return;\r\n    \/\/ Sayfa y\u00fcklenince 200ms sonra otomatik popup a\u00e7\r\n    setTimeout(function () { btn.click(); }, 200);\r\n  });\r\n  <\/script>\r\n<\/center>\r\n\t\t\t\t<\/div>\n\t\t\t\t<\/div>\n\t\t\t\t<div class=\"elementor-element elementor-element-9e0409c sc_height_huge sc_fly_static elementor-widget elementor-widget-spacer\" data-id=\"9e0409c\" data-element_type=\"widget\" data-e-type=\"widget\" data-widget_type=\"spacer.default\">\n\t\t\t\t<div class=\"elementor-widget-container\">\n\t\t\t\t\t\t\t<div class=\"elementor-spacer\">\n\t\t\t<div class=\"elementor-spacer-inner\"><\/div>\n\t\t<\/div>\n\t\t\t\t\t\t<\/div>\n\t\t\t\t<\/div>\n\t\t\t\t\t<\/div>\n\t\t<\/div>\n\t\t\t\t\t<\/div>\n\t\t<\/section>\n\t\t\t\t<section class=\"elementor-section elementor-top-section elementor-element elementor-element-277466c scheme_default elementor-section-boxed elementor-section-height-default elementor-section-height-default sc_fly_static\" data-id=\"277466c\" data-element_type=\"section\" data-e-type=\"section\" data-settings=\"{&quot;background_background&quot;:&quot;classic&quot;}\">\n\t\t\t\t\t\t<div class=\"elementor-container elementor-column-gap-extended\">\n\t\t\t\t\t<div class=\"elementor-column elementor-col-100 elementor-top-column elementor-element elementor-element-2c1158e sc_content_align_inherit sc_layouts_column_icons_position_left sc_fly_static\" data-id=\"2c1158e\" data-element_type=\"column\" data-e-type=\"column\">\n\t\t\t<div class=\"elementor-widget-wrap elementor-element-populated\">\n\t\t\t\t\t\t<div class=\"elementor-element elementor-element-3432476 sc_height_huge sc_fly_static elementor-widget elementor-widget-spacer\" data-id=\"3432476\" data-element_type=\"widget\" data-e-type=\"widget\" data-widget_type=\"spacer.default\">\n\t\t\t\t<div class=\"elementor-widget-container\">\n\t\t\t\t\t\t\t<div class=\"elementor-spacer\">\n\t\t\t<div class=\"elementor-spacer-inner\"><\/div>\n\t\t<\/div>\n\t\t\t\t\t\t<\/div>\n\t\t\t\t<\/div>\n\t\t\t\t\t<\/div>\n\t\t<\/div>\n\t\t\t\t\t<\/div>\n\t\t<\/section>\n\t\t\t\t<section class=\"elementor-section elementor-top-section elementor-element elementor-element-5e185425 scheme_default elementor-section-boxed elementor-section-height-default elementor-section-height-default sc_fly_static\" data-id=\"5e185425\" data-element_type=\"section\" data-e-type=\"section\" data-settings=\"{&quot;background_background&quot;:&quot;classic&quot;}\">\n\t\t\t\t\t\t<div class=\"elementor-container elementor-column-gap-extended\">\n\t\t\t\t\t<div class=\"elementor-column elementor-col-50 elementor-top-column elementor-element elementor-element-72f2fbaa sc_content_align_inherit sc_layouts_column_icons_position_left sc_fly_static\" data-id=\"72f2fbaa\" data-element_type=\"column\" data-e-type=\"column\">\n\t\t\t<div class=\"elementor-widget-wrap elementor-element-populated\">\n\t\t\t\t\t\t<div class=\"elementor-element elementor-element-5d3eae sc_fly_static elementor-widget elementor-widget-trx_sc_title\" data-id=\"5d3eae\" data-element_type=\"widget\" data-e-type=\"widget\" data-widget_type=\"trx_sc_title.default\">\n\t\t\t\t<div class=\"elementor-widget-container\">\n\t\t\t\t\t<div\t\tclass=\"sc_title sc_title_default\" ><span class=\"sc_item_subtitle sc_title_subtitle sc_item_subtitle_above sc_item_title_style_default\">\u8054\u7cfb\u6211\u4eec...<\/span><h1 class=\"sc_item_title sc_title_title sc_item_title_style_default sc_item_title_tag\"\n\t\t\t><span class=\"sc_item_title_text\">\u60a8\u6709\u65f6\u95f4\u5417\uff1f  \n\u6b22\u8fce\u5149\u4e34\uff01 <span class=\"has-text-link-2-color\">Do you have time?<\/span> <br>\u6b22\u8fce\u5149\u4e34\uff01<\/span><\/h1><\/div>\t\t\t\t<\/div>\n\t\t\t\t<\/div>\n\t\t\t\t<div class=\"elementor-element elementor-element-b608c11 sc_fly_static elementor-widget elementor-widget-html\" data-id=\"b608c11\" data-element_type=\"widget\" data-e-type=\"widget\" data-widget_type=\"html.default\">\n\t\t\t\t<div class=\"elementor-widget-container\">\n\t\t\t\t\t<!-- Google Maps Harita (Siyah-Beyaz) -->\r\n<div class=\"map-gray\" style=\"max-width:620px;\">\r\n  <iframe \r\n    src=\"https:\/\/www.google.com\/maps\/embed?pb=!1m18!1m12!1m3!1d2594.0988091334466!2d7.762422376887307!3d49.444849459256474!2m3!1f0!2f0!3f0!3m2!1i1024!2i768!4f13.1!3m3!1m2!1s0x479612b943b0e755%3A0xc843d9dca38bc380!2sM%C3%BChlstra%C3%9Fe%209%2C%2067659%20Kaiserslautern%2C%20Almanya!5e0!3m2!1str!2str!4v1757928440767!5m2!1str!2str\" \r\n    width=\"600\" \r\n    height=\"450\" \r\n    style=\"border:0;\" \r\n    allowfullscreen=\"\" \r\n    loading=\"lazy\" \r\n    referrerpolicy=\"no-referrer-when-downgrade\">\r\n  <\/iframe>\r\n<\/div>\r\n\r\n<style>\r\n  \/* Yaln\u0131zca bu haritay\u0131 siyah-beyaz yap *\/\r\n  .map-gray iframe {\r\n    filter: grayscale(100%) brightness(90%) contrast(90%) !important;\r\n  }\r\n<\/style>\r\n\t\t\t\t<\/div>\n\t\t\t\t<\/div>\n\t\t\t\t\t<\/div>\n\t\t<\/div>\n\t\t\t\t<div class=\"elementor-column elementor-col-50 elementor-top-column elementor-element elementor-element-4a00f707 sc_content_align_inherit sc_layouts_column_icons_position_left sc_fly_static\" data-id=\"4a00f707\" data-element_type=\"column\" data-e-type=\"column\" data-settings=\"{&quot;background_background&quot;:&quot;classic&quot;}\">\n\t\t\t<div class=\"elementor-widget-wrap elementor-element-populated\">\n\t\t\t\t\t\t<div class=\"elementor-element elementor-element-288232f7 sc_fly_static elementor-widget elementor-widget-spacer\" data-id=\"288232f7\" data-element_type=\"widget\" data-e-type=\"widget\" data-widget_type=\"spacer.default\">\n\t\t\t\t<div class=\"elementor-widget-container\">\n\t\t\t\t\t\t\t<div class=\"elementor-spacer\">\n\t\t\t<div class=\"elementor-spacer-inner\"><\/div>\n\t\t<\/div>\n\t\t\t\t\t\t<\/div>\n\t\t\t\t<\/div>\n\t\t\t\t<div class=\"elementor-element elementor-element-7d121ffc scheme_light sc_fly_static elementor-widget elementor-widget-trx_sc_contact_form_7\" data-id=\"7d121ffc\" data-element_type=\"widget\" data-e-type=\"widget\" data-widget_type=\"trx_sc_contact_form_7.default\">\n\t\t\t\t<div class=\"elementor-widget-container\">\n\t\t\t\t\t\n<div class=\"wpcf7 no-js\" id=\"wpcf7-f1334-o1\" lang=\"en-US\" dir=\"ltr\" data-wpcf7-id=\"1334\">\n<div class=\"screen-reader-response\"><p role=\"status\" aria-live=\"polite\" aria-atomic=\"true\"><\/p> <ul><\/ul><\/div>\n<form action=\"\/zh\/wp-json\/wp\/v2\/pages\/17148#wpcf7-f1334-o1\" method=\"post\" class=\"wpcf7-form init\" aria-label=\"Contact form\" novalidate=\"novalidate\" data-status=\"init\" data-trp-original-action=\"\/zh\/wp-json\/wp\/v2\/pages\/17148#wpcf7-f1334-o1\">\n<fieldset class=\"hidden-fields-container\"><input type=\"hidden\" name=\"_wpcf7\" value=\"1334\" \/><input type=\"hidden\" name=\"_wpcf7_version\" value=\"6.1.5\" \/><input type=\"hidden\" name=\"_wpcf7_locale\" value=\"en_US\" \/><input type=\"hidden\" name=\"_wpcf7_unit_tag\" value=\"wpcf7-f1334-o1\" \/><input type=\"hidden\" name=\"_wpcf7_container_post\" value=\"0\" \/><input type=\"hidden\" name=\"_wpcf7_posted_data_hash\" value=\"\" \/>\n<\/fieldset>\n<div class=\"form-style-5\">\n\t<div class=\"columns_wrap\">\n\t\t<div class=\"column-1_1\">\n\t\t\t<p><span class=\"style-line icon-name\"><span class=\"wpcf7-form-control-wrap\" data-name=\"your-name\"><input size=\"40\" maxlength=\"400\" class=\"wpcf7-form-control wpcf7-text wpcf7-validates-as-required\" aria-required=\"true\" aria-invalid=\"false\" placeholder=\"\u59d3\u540d\" value=\"\" type=\"text\" name=\"your-name\" \/><\/span><\/span>\n\t\t\t<\/p>\n\t\t<\/div>\n\t\t<div class=\"column-1_1\">\n\t\t\t<p><span class=\"style-line icon-email\"><span class=\"wpcf7-form-control-wrap\" data-name=\"your-email\"><input size=\"40\" maxlength=\"400\" class=\"wpcf7-form-control wpcf7-email wpcf7-validates-as-required wpcf7-text wpcf7-validates-as-email\" aria-required=\"true\" aria-invalid=\"false\" placeholder=\"\u7535\u5b50\u90ae\u4ef6\u5730\u5740\" value=\"\" type=\"email\" name=\"your-email\" \/><\/span><\/span>\n\t\t\t<\/p>\n\t\t<\/div>\n\t\t<div class=\"column-1_1\">\n\t\t\t<p><span class=\"style-line icon-textarea\"><span class=\"wpcf7-form-control-wrap\" data-name=\"your-message\"><textarea cols=\"40\" rows=\"10\" maxlength=\"2000\" class=\"wpcf7-form-control wpcf7-textarea wpcf7-validates-as-required\" aria-required=\"true\" aria-invalid=\"false\" placeholder=\"\u6211\u4eec\u80fd\u5e2e\u60a8\u4ec0\u4e48\u5417\uff1f\u6b22\u8fce\u968f\u65f6\u8054\u7cfb\uff01\" name=\"your-message\"><\/textarea><\/span><\/span>\n\t\t\t<\/p>\n\t\t<\/div>\n\t<\/div>\n\t<p><span class=\"wpcf7-form-control-wrap\" data-name=\"acceptance\"><span class=\"wpcf7-form-control wpcf7-acceptance\"><span class=\"wpcf7-list-item\"><label><input type=\"checkbox\" name=\"acceptance\" value=\"1\" aria-invalid=\"false\" \/><span class=\"wpcf7-list-item-label\">Ich stimme zu, dass meine Daten erfasst und gespeichert werden. <a href=\"\/zh\/privacy-policy\/\">collected and stored<\/a>.<\/span><\/label><\/span><\/span><\/span><input class=\"wpcf7-form-control wpcf7-submit has-spinner\" type=\"submit\" value=\"\u53d6\u5f97\u8054\u7cfb\" \/>\n\t<\/p>\n<\/div><div class=\"wpcf7-response-output\" aria-hidden=\"true\"><\/div>\n<input type=\"hidden\" name=\"trp-form-language\" value=\"zh\"\/><\/form>\n<\/div>\n\t\t\t\t<\/div>\n\t\t\t\t<\/div>\n\t\t\t\t\t<\/div>\n\t\t<\/div>\n\t\t\t\t\t<\/div>\n\t\t<\/section>\n\t\t\t\t<section class=\"elementor-section elementor-top-section elementor-element elementor-element-83553c3 scheme_default elementor-section-boxed elementor-section-height-default elementor-section-height-default sc_fly_static\" data-id=\"83553c3\" data-element_type=\"section\" data-e-type=\"section\" data-settings=\"{&quot;background_background&quot;:&quot;classic&quot;}\">\n\t\t\t\t\t\t<div class=\"elementor-container elementor-column-gap-extended\">\n\t\t\t\t\t<div class=\"elementor-column elementor-col-100 elementor-top-column elementor-element elementor-element-75308fd sc_content_align_inherit sc_layouts_column_icons_position_left sc_fly_static\" data-id=\"75308fd\" data-element_type=\"column\" data-e-type=\"column\">\n\t\t\t<div class=\"elementor-widget-wrap elementor-element-populated\">\n\t\t\t\t\t\t<div class=\"elementor-element elementor-element-12aeb1e sc_height_huge sc_fly_static elementor-widget elementor-widget-spacer\" data-id=\"12aeb1e\" data-element_type=\"widget\" data-e-type=\"widget\" data-widget_type=\"spacer.default\">\n\t\t\t\t<div class=\"elementor-widget-container\">\n\t\t\t\t\t\t\t<div class=\"elementor-spacer\">\n\t\t\t<div class=\"elementor-spacer-inner\"><\/div>\n\t\t<\/div>\n\t\t\t\t\t\t<\/div>\n\t\t\t\t<\/div>\n\t\t\t\t\t<\/div>\n\t\t<\/div>\n\t\t\t\t\t<\/div>\n\t\t<\/section>\n\t\t\t\t<\/div>","protected":false},"excerpt":{"rendered":"<p>Reservation Lassen Sie den ganzen Tag unvergesslich sein \u2013 buchen Sie Ihren Tisch jetzt! ONLINE Bestellung See MENU &#038; Order Kontakt mit uns&#8230; Haben Haben Sie Zeit? Besuchen Sie uns!&hellip;<\/p>","protected":false},"author":1,"featured_media":0,"parent":0,"menu_order":0,"comment_status":"closed","ping_status":"closed","template":"","meta":{"_monsterinsights_skip_tracking":false,"_monsterinsights_sitenote_active":false,"_monsterinsights_sitenote_note":"","_monsterinsights_sitenote_category":0,"footnotes":""},"class_list":["post-17148","page","type-page","status-publish","hentry"],"aioseo_notices":[],"yoast_head":"<!-- This site is optimized with the Yoast SEO plugin v27.4 - https:\/\/yoast.com\/product\/yoast-seo-wordpress\/ -->\n<title>Reservation - CinCin Restaurant<\/title>\n<meta name=\"robots\" content=\"index, follow, max-snippet:-1, max-image-preview:large, max-video-preview:-1\" \/>\n<link rel=\"canonical\" href=\"https:\/\/cincin-restaurant.com\/zh\/reservation\/\" \/>\n<meta property=\"og:locale\" content=\"zh_CN\" \/>\n<meta property=\"og:type\" content=\"article\" \/>\n<meta property=\"og:title\" content=\"Reservation - CinCin Restaurant\" \/>\n<meta property=\"og:description\" content=\"Reservation Lassen Sie den ganzen Tag unvergesslich sein \u2013 buchen Sie Ihren Tisch jetzt! ONLINE Bestellung See MENU &#038; Order Kontakt mit uns&#8230; Haben Haben Sie Zeit? Besuchen Sie uns!&hellip;\" \/>\n<meta property=\"og:url\" content=\"https:\/\/cincin-restaurant.com\/zh\/reservation\/\" \/>\n<meta property=\"og:site_name\" content=\"CinCin Restaurant\" \/>\n<meta property=\"article:modified_time\" content=\"2025-09-18T13:26:59+00:00\" \/>\n<meta name=\"twitter:card\" content=\"summary_large_image\" \/>\n<meta name=\"twitter:label1\" content=\"\u9884\u8ba1\u9605\u8bfb\u65f6\u95f4\" \/>\n\t<meta name=\"twitter:data1\" content=\"3 \u5206\" \/>\n<script type=\"application\/ld+json\" class=\"yoast-schema-graph\">{\"@context\":\"https:\\\/\\\/schema.org\",\"@graph\":[{\"@type\":\"WebPage\",\"@id\":\"https:\\\/\\\/cincin-restaurant.com\\\/reservation\\\/\",\"url\":\"https:\\\/\\\/cincin-restaurant.com\\\/reservation\\\/\",\"name\":\"Reservation - CinCin Restaurant\",\"isPartOf\":{\"@id\":\"https:\\\/\\\/cincin-restaurant.com\\\/#website\"},\"datePublished\":\"2021-02-10T13:27:34+00:00\",\"dateModified\":\"2025-09-18T13:26:59+00:00\",\"breadcrumb\":{\"@id\":\"https:\\\/\\\/cincin-restaurant.com\\\/reservation\\\/#breadcrumb\"},\"inLanguage\":\"zh-Hans\",\"potentialAction\":[{\"@type\":\"ReadAction\",\"target\":[\"https:\\\/\\\/cincin-restaurant.com\\\/reservation\\\/\"]}]},{\"@type\":\"BreadcrumbList\",\"@id\":\"https:\\\/\\\/cincin-restaurant.com\\\/reservation\\\/#breadcrumb\",\"itemListElement\":[{\"@type\":\"ListItem\",\"position\":1,\"name\":\"Anasayfa\",\"item\":\"https:\\\/\\\/cincin-restaurant.com\\\/\"},{\"@type\":\"ListItem\",\"position\":2,\"name\":\"Reservation\"}]},{\"@type\":\"WebSite\",\"@id\":\"https:\\\/\\\/cincin-restaurant.com\\\/#website\",\"url\":\"https:\\\/\\\/cincin-restaurant.com\\\/\",\"name\":\"CinCin Restaurant\",\"description\":\"Ein toast auf Liebe und Fern&ouml;stliche Seele!\",\"publisher\":{\"@id\":\"https:\\\/\\\/cincin-restaurant.com\\\/#organization\"},\"potentialAction\":[{\"@type\":\"SearchAction\",\"target\":{\"@type\":\"EntryPoint\",\"urlTemplate\":\"https:\\\/\\\/cincin-restaurant.com\\\/?s={search_term_string}\"},\"query-input\":{\"@type\":\"PropertyValueSpecification\",\"valueRequired\":true,\"valueName\":\"search_term_string\"}}],\"inLanguage\":\"zh-Hans\"},{\"@type\":\"Organization\",\"@id\":\"https:\\\/\\\/cincin-restaurant.com\\\/#organization\",\"name\":\"CinCin Restaurant\",\"url\":\"https:\\\/\\\/cincin-restaurant.com\\\/\",\"logo\":{\"@type\":\"ImageObject\",\"inLanguage\":\"zh-Hans\",\"@id\":\"https:\\\/\\\/cincin-restaurant.com\\\/#\\\/schema\\\/logo\\\/image\\\/\",\"url\":\"https:\\\/\\\/cincin-restaurant.com\\\/wp-content\\\/uploads\\\/2021\\\/02\\\/cincin-logo3.png\",\"contentUrl\":\"https:\\\/\\\/cincin-restaurant.com\\\/wp-content\\\/uploads\\\/2021\\\/02\\\/cincin-logo3.png\",\"width\":400,\"height\":544,\"caption\":\"CinCin Restaurant\"},\"image\":{\"@id\":\"https:\\\/\\\/cincin-restaurant.com\\\/#\\\/schema\\\/logo\\\/image\\\/\"}}]}<\/script>\n<!-- \/ Yoast SEO plugin. -->","yoast_head_json":{"title":"Reservation - CinCin Restaurant","robots":{"index":"index","follow":"follow","max-snippet":"max-snippet:-1","max-image-preview":"max-image-preview:large","max-video-preview":"max-video-preview:-1"},"canonical":"https:\/\/cincin-restaurant.com\/zh\/reservation\/","og_locale":"zh_CN","og_type":"article","og_title":"Reservation - CinCin Restaurant","og_description":"Reservation Lassen Sie den ganzen Tag unvergesslich sein \u2013 buchen Sie Ihren Tisch jetzt! ONLINE Bestellung See MENU &#038; Order Kontakt mit uns&#8230; Haben Haben Sie Zeit? Besuchen Sie uns!&hellip;","og_url":"https:\/\/cincin-restaurant.com\/zh\/reservation\/","og_site_name":"CinCin Restaurant","article_modified_time":"2025-09-18T13:26:59+00:00","twitter_card":"summary_large_image","twitter_misc":{"\u9884\u8ba1\u9605\u8bfb\u65f6\u95f4":"3 \u5206"},"schema":{"@context":"https:\/\/schema.org","@graph":[{"@type":"WebPage","@id":"https:\/\/cincin-restaurant.com\/reservation\/","url":"https:\/\/cincin-restaurant.com\/reservation\/","name":"Reservation - CinCin Restaurant","isPartOf":{"@id":"https:\/\/cincin-restaurant.com\/#website"},"datePublished":"2021-02-10T13:27:34+00:00","dateModified":"2025-09-18T13:26:59+00:00","breadcrumb":{"@id":"https:\/\/cincin-restaurant.com\/reservation\/#breadcrumb"},"inLanguage":"zh-Hans","potentialAction":[{"@type":"ReadAction","target":["https:\/\/cincin-restaurant.com\/reservation\/"]}]},{"@type":"BreadcrumbList","@id":"https:\/\/cincin-restaurant.com\/reservation\/#breadcrumb","itemListElement":[{"@type":"ListItem","position":1,"name":"Anasayfa","item":"https:\/\/cincin-restaurant.com\/"},{"@type":"ListItem","position":2,"name":"Reservation"}]},{"@type":"WebSite","@id":"https:\/\/cincin-restaurant.com\/#website","url":"https:\/\/cincin-restaurant.com\/","name":"CinCin Restaurant","description":"Ein toast auf Liebe und Fern&ouml;stliche Seele!","publisher":{"@id":"https:\/\/cincin-restaurant.com\/#organization"},"potentialAction":[{"@type":"SearchAction","target":{"@type":"EntryPoint","urlTemplate":"https:\/\/cincin-restaurant.com\/?s={search_term_string}"},"query-input":{"@type":"PropertyValueSpecification","valueRequired":true,"valueName":"search_term_string"}}],"inLanguage":"zh-Hans"},{"@type":"Organization","@id":"https:\/\/cincin-restaurant.com\/#organization","name":"CinCin Restaurant","url":"https:\/\/cincin-restaurant.com\/","logo":{"@type":"ImageObject","inLanguage":"zh-Hans","@id":"https:\/\/cincin-restaurant.com\/#\/schema\/logo\/image\/","url":"https:\/\/cincin-restaurant.com\/wp-content\/uploads\/2021\/02\/cincin-logo3.png","contentUrl":"https:\/\/cincin-restaurant.com\/wp-content\/uploads\/2021\/02\/cincin-logo3.png","width":400,"height":544,"caption":"CinCin Restaurant"},"image":{"@id":"https:\/\/cincin-restaurant.com\/#\/schema\/logo\/image\/"}}]}},"_links":{"self":[{"href":"https:\/\/cincin-restaurant.com\/zh\/wp-json\/wp\/v2\/pages\/17148","targetHints":{"allow":["GET"]}}],"collection":[{"href":"https:\/\/cincin-restaurant.com\/zh\/wp-json\/wp\/v2\/pages"}],"about":[{"href":"https:\/\/cincin-restaurant.com\/zh\/wp-json\/wp\/v2\/types\/page"}],"author":[{"embeddable":true,"href":"https:\/\/cincin-restaurant.com\/zh\/wp-json\/wp\/v2\/users\/1"}],"replies":[{"embeddable":true,"href":"https:\/\/cincin-restaurant.com\/zh\/wp-json\/wp\/v2\/comments?post=17148"}],"version-history":[{"count":39,"href":"https:\/\/cincin-restaurant.com\/zh\/wp-json\/wp\/v2\/pages\/17148\/revisions"}],"predecessor-version":[{"id":19584,"href":"https:\/\/cincin-restaurant.com\/zh\/wp-json\/wp\/v2\/pages\/17148\/revisions\/19584"}],"wp:attachment":[{"href":"https:\/\/cincin-restaurant.com\/zh\/wp-json\/wp\/v2\/media?parent=17148"}],"curies":[{"name":"wp","href":"https:\/\/api.w.org\/{rel}","templated":true}]}}